{"id":3334,"date":"2023-09-21T08:25:21","date_gmt":"2023-09-21T08:25:21","guid":{"rendered":"https:\/\/digitalcologistics.eu\/resultados\/"},"modified":"2023-12-12T08:48:58","modified_gmt":"2023-12-12T08:48:58","slug":"resultados","status":"publish","type":"page","link":"https:\/\/digitalcologistics.eu\/pt-pt\/resultados\/","title":{"rendered":"Resultados"},"content":{"rendered":"\t\t<div data-elementor-type=\"wp-page\" data-elementor-id=\"3334\" class=\"elementor elementor-3334 elementor-417\" data-elementor-settings=\"{&quot;ha_cmc_init_switcher&quot;:&quot;no&quot;}\" data-elementor-post-type=\"page\">\n\t\t\t\t\t\t<section class=\"ob-is-breaking-bad elementor-section elementor-top-section elementor-element elementor-element-9d669ae elementor-section-full_width elementor-section-height-min-height elementor-section-items-stretch elementor-section-height-default\" data-id=\"9d669ae\" data-element_type=\"section\" data-e-type=\"section\" data-settings=\"{&quot;background_background&quot;:&quot;classic&quot;,&quot;_ob_bbad_use_it&quot;:&quot;yes&quot;,&quot;_ob_bbad_sssic_use&quot;:&quot;no&quot;}\">\n\t\t\t\t\t\t<div class=\"elementor-container elementor-column-gap-no\">\n\t\t\t\t\t<div class=\"elementor-column elementor-col-100 elementor-top-column elementor-element elementor-element-1559709\" data-id=\"1559709\" data-element_type=\"column\" data-e-type=\"column\" data-settings=\"{&quot;background_background&quot;:&quot;classic&quot;,&quot;_ob_bbad_is_stalker&quot;:&quot;no&quot;,&quot;_ob_column_hoveranimator&quot;:&quot;no&quot;}\">\n\t\t\t<div class=\"elementor-widget-wrap elementor-element-populated\">\n\t\t\t\t\t<div class=\"elementor-background-overlay\"><\/div>\n\t\t\t\t\t\t<section class=\"ob-is-breaking-bad ob-bb-inner elementor-section elementor-inner-section elementor-element elementor-element-7ba6cde elementor-section-boxed elementor-section-height-default elementor-section-height-default\" data-id=\"7ba6cde\" data-element_type=\"section\" data-e-type=\"section\" data-settings=\"{&quot;_ob_bbad_use_it&quot;:&quot;yes&quot;,&quot;_ob_bbad_sssic_use&quot;:&quot;no&quot;}\">\n\t\t\t\t\t\t<div class=\"elementor-container elementor-column-gap-no\">\n\t\t\t\t\t<div class=\"elementor-column elementor-col-100 elementor-inner-column elementor-element elementor-element-7ca4882\" data-id=\"7ca4882\" data-element_type=\"column\" data-e-type=\"column\" data-settings=\"{&quot;_ob_bbad_is_stalker&quot;:&quot;no&quot;,&quot;_ob_column_hoveranimator&quot;:&quot;no&quot;,&quot;_ob_column_has_pseudo&quot;:&quot;no&quot;}\">\n\t\t\t<div class=\"elementor-widget-wrap elementor-element-populated\">\n\t\t\t\t\t\t<div class=\"elementor-element elementor-element-c52a618 elementor-widget__width-auto elementor-invisible elementor-widget elementor-widget-heading\" data-id=\"c52a618\" data-element_type=\"widget\" data-e-type=\"widget\" data-settings=\"{&quot;_animation&quot;:&quot;fadeInUp&quot;,&quot;_ob_allow_hoveranimator&quot;:&quot;no&quot;}\" data-widget_type=\"heading.default\">\n\t\t\t\t<div class=\"elementor-widget-container\">\n\t\t\t\t\t<h2 class=\"elementor-heading-title elementor-size-default\">Principais resultados<\/h2>\t\t\t\t<\/div>\n\t\t\t\t<\/div>\n\t\t\t\t\t<\/div>\n\t\t<\/div>\n\t\t\t\t\t<\/div>\n\t\t<\/section>\n\t\t\t\t\t<\/div>\n\t\t<\/div>\n\t\t\t\t\t<\/div>\n\t\t<\/section>\n\t\t\t\t<section class=\"ob-is-breaking-bad elementor-section elementor-top-section elementor-element elementor-element-5717620 custom_triangle_bottom_right elementor-section-boxed elementor-section-height-default elementor-section-height-default\" data-id=\"5717620\" data-element_type=\"section\" data-e-type=\"section\" data-settings=\"{&quot;_ob_bbad_use_it&quot;:&quot;yes&quot;,&quot;_ob_bbad_sssic_use&quot;:&quot;no&quot;}\">\n\t\t\t\t\t\t<div class=\"elementor-container elementor-column-gap-no\">\n\t\t\t\t\t<div class=\"elementor-column elementor-col-100 elementor-top-column elementor-element elementor-element-b4ee9d5\" data-id=\"b4ee9d5\" data-element_type=\"column\" data-e-type=\"column\" data-settings=\"{&quot;_ob_bbad_is_stalker&quot;:&quot;no&quot;,&quot;_ob_column_hoveranimator&quot;:&quot;no&quot;,&quot;_ob_column_has_pseudo&quot;:&quot;no&quot;}\">\n\t\t\t<div class=\"elementor-widget-wrap elementor-element-populated\">\n\t\t\t\t\t\t<section class=\"ob-is-breaking-bad ob-bb-inner elementor-section elementor-inner-section elementor-element elementor-element-7efd373 custom_med_3 elementor-section-boxed elementor-section-height-default elementor-section-height-default\" data-id=\"7efd373\" data-element_type=\"section\" data-e-type=\"section\" data-settings=\"{&quot;_ob_bbad_use_it&quot;:&quot;yes&quot;,&quot;_ob_bbad_sssic_use&quot;:&quot;no&quot;}\">\n\t\t\t\t\t\t<div class=\"elementor-container elementor-column-gap-default\">\n\t\t\t\t\t<div class=\"elementor-column elementor-col-50 elementor-inner-column elementor-element elementor-element-fed6a86\" data-id=\"fed6a86\" data-element_type=\"column\" data-e-type=\"column\" data-settings=\"{&quot;_ob_bbad_is_stalker&quot;:&quot;no&quot;,&quot;_ob_column_hoveranimator&quot;:&quot;no&quot;,&quot;_ob_column_has_pseudo&quot;:&quot;no&quot;}\">\n\t\t\t<div class=\"elementor-widget-wrap elementor-element-populated\">\n\t\t\t\t\t\t<div class=\"jet-satellite-widget elementor-element elementor-element-05f72a5 custom-box elementor-widget elementor-widget-image-box\" data-jet-tricks-settings=\"{&quot;satellite&quot;:&quot;true&quot;,&quot;satelliteType&quot;:&quot;icon&quot;,&quot;satellitePosition&quot;:&quot;top-right&quot;}\" data-id=\"05f72a5\" data-element_type=\"widget\" data-e-type=\"widget\" data-settings=\"{&quot;_ob_allow_hoveranimator&quot;:&quot;no&quot;}\" data-widget_type=\"image-box.default\">\n\t\t\t\t<div class=\"elementor-widget-container\">\n\t\t\t\t\t<div class=\"jet-tricks-satellite jet-tricks-satellite--top-right\"><div class=\"jet-tricks-satellite__inner\"><div class=\"jet-tricks-satellite__icon\"><div class=\"jet-tricks-satellite__icon-instance jet-tricks-icon\"><i aria-hidden=\"true\" class=\"jki jki-check-light\"><\/i><\/div><\/div><\/div><\/div><div class=\"elementor-image-box-wrapper\"><div class=\"elementor-image-box-content\"><h3 class=\"elementor-image-box-title\">A1. Identifica\u00e7\u00e3o de oportunidades de neg\u00f3cio <\/h3><p class=\"elementor-image-box-description\"><ul>\n    <li>Relat\u00f3rios que identificam cadeias estrat\u00e9gicas para a digitaliza\u00e7\u00e3o.<\/li>\n    <li>Identifica\u00e7\u00e3o das opera\u00e7\u00f5es de importa\u00e7\u00e3o-exporta\u00e7\u00e3o em cada cadeia de valor.<\/li>\n    <li>Identifica\u00e7\u00e3o de fontes de informa\u00e7\u00e3o e bases de dados que contribuam para a estimula\u00e7\u00e3o de solu\u00e7\u00f5es de Big Data e IA.<\/li>\n    <li>Promo\u00e7\u00e3o de ac\u00e7\u00f5es futuras para melhorar a competitividade.<\/li>\n    <li>Identifica\u00e7\u00e3o de projectos impulsionadores da digitaliza\u00e7\u00e3o.<\/li>\n<\/ul>\n<\/p><\/div><\/div>\t\t\t\t<\/div>\n\t\t\t\t<\/div>\n\t\t\t\t<div class=\"jet-satellite-widget elementor-element elementor-element-d1018aa custom-box elementor-widget elementor-widget-image-box\" data-jet-tricks-settings=\"{&quot;satellite&quot;:&quot;true&quot;,&quot;satelliteType&quot;:&quot;icon&quot;,&quot;satellitePosition&quot;:&quot;top-right&quot;}\" data-id=\"d1018aa\" data-element_type=\"widget\" data-e-type=\"widget\" data-settings=\"{&quot;_ob_allow_hoveranimator&quot;:&quot;no&quot;}\" data-widget_type=\"image-box.default\">\n\t\t\t\t<div class=\"elementor-widget-container\">\n\t\t\t\t\t<div class=\"jet-tricks-satellite jet-tricks-satellite--top-right\"><div class=\"jet-tricks-satellite__inner\"><div class=\"jet-tricks-satellite__icon\"><div class=\"jet-tricks-satellite__icon-instance jet-tricks-icon\"><i aria-hidden=\"true\" class=\"jki jki-check-light\"><\/i><\/div><\/div><\/div><\/div><div class=\"elementor-image-box-wrapper\"><div class=\"elementor-image-box-content\"><h3 class=\"elementor-image-box-title\">A3. Promo\u00e7\u00e3o de projectos de tractores com uma elevada componente log\u00edstica<\/h3><p class=\"elementor-image-box-description\"><ul>\n    <li>Desenvolvimento do observat\u00f3rio da competitividade log\u00edstica.<\/li>\n    <li>Organiza\u00e7\u00e3o de encontros internacionais e alian\u00e7as comerciais para promo\u00e7\u00e3o internacional.<\/li>\n    <li>Participa\u00e7\u00e3o em feiras e reuni\u00f5es internacionais de benchmarking.<\/li>\n    <li>Desenvolvimento de um mapa digitalizado das infra-estruturas e dos recursos log\u00edsticos.<\/li>\n    <li>Avalia\u00e7\u00e3o das infra-estruturas log\u00edsticas na Eurorregi\u00e3o.<\/li>\n<\/ul>\n<\/p><\/div><\/div>\t\t\t\t<\/div>\n\t\t\t\t<\/div>\n\t\t\t\t\t<\/div>\n\t\t<\/div>\n\t\t\t\t<div class=\"elementor-column elementor-col-50 elementor-inner-column elementor-element elementor-element-7c34f68\" data-id=\"7c34f68\" data-element_type=\"column\" data-e-type=\"column\" data-settings=\"{&quot;_ob_bbad_is_stalker&quot;:&quot;no&quot;,&quot;_ob_column_hoveranimator&quot;:&quot;no&quot;,&quot;_ob_column_has_pseudo&quot;:&quot;no&quot;}\">\n\t\t\t<div class=\"elementor-widget-wrap elementor-element-populated\">\n\t\t\t\t\t\t<div class=\"jet-satellite-widget elementor-element elementor-element-b70e7f2 custom-box elementor-widget elementor-widget-image-box\" data-jet-tricks-settings=\"{&quot;satellite&quot;:&quot;true&quot;,&quot;satelliteType&quot;:&quot;icon&quot;,&quot;satellitePosition&quot;:&quot;top-right&quot;}\" data-id=\"b70e7f2\" data-element_type=\"widget\" data-e-type=\"widget\" data-settings=\"{&quot;_ob_allow_hoveranimator&quot;:&quot;no&quot;}\" data-widget_type=\"image-box.default\">\n\t\t\t\t<div class=\"elementor-widget-container\">\n\t\t\t\t\t<div class=\"jet-tricks-satellite jet-tricks-satellite--top-right\"><div class=\"jet-tricks-satellite__inner\"><div class=\"jet-tricks-satellite__icon\"><div class=\"jet-tricks-satellite__icon-instance jet-tricks-icon\"><i aria-hidden=\"true\" class=\"jki jki-check-light\"><\/i><\/div><\/div><\/div><\/div><div class=\"elementor-image-box-wrapper\"><div class=\"elementor-image-box-content\"><h3 class=\"elementor-image-box-title\">A2. Integra\u00e7\u00e3o digital da cadeia de valor<\/h3><p class=\"elementor-image-box-description\"><ul>\n    <li>Grupo de reflex\u00e3o sobre a digitaliza\u00e7\u00e3o das cadeias log\u00edsticas.<\/li>\n    <li>Promo\u00e7\u00e3o de projectos-piloto de integra\u00e7\u00e3o digital em ambientes log\u00edsticos.<\/li>\n    <li>Defini\u00e7\u00e3o de um cons\u00f3rcio representativo de cadeias de valor.<\/li>\n    <li>Desenvolvimento de um cat\u00e1logo de forma\u00e7\u00e3o para melhorar as compet\u00eancias digitais das pessoas nos diferentes sectores da log\u00edstica.<\/li>\n    <li>Promo\u00e7\u00e3o de uma nova oferta de forma\u00e7\u00e3o formal no dom\u00ednio da log\u00edstica.<\/li>\n<\/ul>\n<\/p><\/div><\/div>\t\t\t\t<\/div>\n\t\t\t\t<\/div>\n\t\t\t\t<div class=\"jet-satellite-widget elementor-element elementor-element-b326efc custom-box elementor-widget elementor-widget-image-box\" data-jet-tricks-settings=\"{&quot;satellite&quot;:&quot;true&quot;,&quot;satelliteType&quot;:&quot;icon&quot;,&quot;satellitePosition&quot;:&quot;top-right&quot;}\" data-id=\"b326efc\" data-element_type=\"widget\" data-e-type=\"widget\" data-settings=\"{&quot;_ob_allow_hoveranimator&quot;:&quot;no&quot;}\" data-widget_type=\"image-box.default\">\n\t\t\t\t<div class=\"elementor-widget-container\">\n\t\t\t\t\t<div class=\"jet-tricks-satellite jet-tricks-satellite--top-right\"><div class=\"jet-tricks-satellite__inner\"><div class=\"jet-tricks-satellite__icon\"><div class=\"jet-tricks-satellite__icon-instance jet-tricks-icon\"><i aria-hidden=\"true\" class=\"jki jki-check-light\"><\/i><\/div><\/div><\/div><\/div><div class=\"elementor-image-box-wrapper\"><div class=\"elementor-image-box-content\"><h3 class=\"elementor-image-box-title\">A4. Impulsionar a log\u00edstica sustent\u00e1vel<\/h3><p class=\"elementor-image-box-description\"><ul>\n    <li>Servi\u00e7os de diagn\u00f3stico e aconselhamento do Servi\u00e7o de Assist\u00eancia \u00e0s Altera\u00e7\u00f5es Clim\u00e1ticas.<\/li>\n    <li>Conce\u00e7\u00e3o de uma ferramenta para a automatiza\u00e7\u00e3o do c\u00e1lculo da pegada de carbono e gera\u00e7\u00e3o de propostas de valor.<\/li>\n    <li>Desenvolvimento de eventos de log\u00edstica verde.<\/li>\n    <li>Realiza\u00e7\u00e3o de um f\u00f3rum sobre a log\u00edstica verde e o seu impacto na melhoria da competitividade das empresas.<\/li>\n    <li>Servi\u00e7os digitais para a otimiza\u00e7\u00e3o dos processos log\u00edsticos.<\/li>\n<\/ul>\n<\/p><\/div><\/div>\t\t\t\t<\/div>\n\t\t\t\t<\/div>\n\t\t\t\t\t<\/div>\n\t\t<\/div>\n\t\t\t\t\t<\/div>\n\t\t<\/section>\n\t\t\t\t\t<\/div>\n\t\t<\/div>\n\t\t\t\t\t<\/div>\n\t\t<\/section>\n\t\t\t\t<section class=\"ob-is-breaking-bad elementor-section elementor-top-section elementor-element elementor-element-4f0af2b elementor-section-boxed elementor-section-height-default elementor-section-height-default\" data-id=\"4f0af2b\" data-element_type=\"section\" data-e-type=\"section\" data-settings=\"{&quot;_ob_bbad_use_it&quot;:&quot;yes&quot;,&quot;_ob_bbad_sssic_use&quot;:&quot;no&quot;}\">\n\t\t\t\t\t\t<div class=\"elementor-container elementor-column-gap-no\">\n\t\t\t\t\t<div class=\"elementor-column elementor-col-100 elementor-top-column elementor-element elementor-element-3ee1aba\" data-id=\"3ee1aba\" data-element_type=\"column\" data-e-type=\"column\" data-settings=\"{&quot;_ob_bbad_is_stalker&quot;:&quot;no&quot;,&quot;_ob_column_hoveranimator&quot;:&quot;no&quot;,&quot;_ob_column_has_pseudo&quot;:&quot;no&quot;}\">\n\t\t\t<div class=\"elementor-widget-wrap elementor-element-populated\">\n\t\t\t\t\t\t<div class=\"elementor-element elementor-element-2b1e16b ob-has-background-overlay elementor-widget elementor-widget-html\" data-id=\"2b1e16b\" data-element_type=\"widget\" data-e-type=\"widget\" data-settings=\"{&quot;_ob_poopart_use&quot;:&quot;yes&quot;,&quot;_ob_allow_hoveranimator&quot;:&quot;no&quot;}\" data-widget_type=\"html.default\">\n\t\t\t\t<div class=\"elementor-widget-container\">\n\t\t\t\t\t<style>.custom_med_3 {\n  font-size: 15px;\n  color:white;\n  line-height: 1.3em!important;\n}\n.custom_med_3 p{\n  font-size: 15px;\n  margin-top: 10px!important;\n}\n.custom_med_3 p:last-child{\n  margin-bottom: -10px!important;\n}\n.custom_med_3 {\n  font-size: 15px;\n  margin: 0;\n  list-style:none;\n  list-style-type: square;\n  padding: 0 .2em;\n  line-height: 1.2em;\n  margin-top: 1em;\n  position: relative;\n  color:white;\n}\n.custom_med_3 ol li,\n.custom_med_3 ul li {\n  font-size: 16px!important;\n  margin: 0;\n  list-style:none;\n  list-style-type: square;\n  padding: 0 .2em;\n  line-height: 1.2em;\n  margin-top: 1.5em;\n  position: relative;\n  color:white;\n  font-size: 15px!important;\n  font-weight: 600;\n  color:var(--e-global-color-primary);\n  position: relative;\n  padding-left:10px;\n}\n.custom_med_3 ol,\n.custom_med_3  ul {\n  padding-left: 14px;\n  flex-direction: row;\n  align-items: center;\n  justify-content: start;\n  \/*background-color:var(--e-global-color-primary);*\/\n  padding-bottom: 0px;\n  padding-right: 0px;\n  padding-left: 20px;\n  padding-top: 0px;\n  border-radius: 0px;\n  margin-top: 0px;\n  margin-bottom: 0px;\n}\n.custom_med_3  ol li::marker,\n.custom_med_3  ul li::marker,\n.custom-box ul li::marker,\n.custom-box ol li::marker{\n    color:var(--e-global-color-secondary);\n                    content: \"\\f013\"; \n                font-family: \"Font Awesome 5 Free\";\n                font-weight: 900;\n                  position: absolute;\n  left:-50px!important;\n}\n\n.custom_med_3 ol {\n  list-style-type: none;\n  counter-reset: ordered;\n}\n.custom_med_3 ol li::before {\n  border: 0px solid var(--e-global-color-secondary);\n  border-radius: 0%;\n  font-size: 12px;\n  background-color: var(--e-global-color-secondary);\n  background-image: linear-gradient(-45deg, var(--e-global-color-primary) 0%, var(--e-global-color-secondary) 100%);\n  color:white;\n  content: counter(ordered);\n  counter-increment: ordered;\n  display: inline-block;\n  font-weight: 600;\n  margin-left: -34px;\n  margin-top: 0px;\n  width: 25px;\n  height: 25px;\n  display: flex;\n  align-items: center;\n  justify-content: center;\n  position: absolute;\n}\n.custom_med_3 ol li {\n    list-style: none;\n  padding-left: 15px;\n}\n<\/style>\t\t\t\t<\/div>\n\t\t\t\t<\/div>\n\t\t\t\t\t<\/div>\n\t\t<\/div>\n\t\t\t\t\t<\/div>\n\t\t<\/section>\n\t\t\t\t<\/div>\n\t\t","protected":false},"excerpt":{"rendered":"<p>Principais resultados A1. Identifica\u00e7\u00e3o de oportunidades de neg\u00f3cio Relat\u00f3rios que identificam cadeias estrat\u00e9gicas para a digitaliza\u00e7\u00e3o. Identifica\u00e7\u00e3o das opera\u00e7\u00f5es de importa\u00e7\u00e3o-exporta\u00e7\u00e3o em cada cadeia de valor. Identifica\u00e7\u00e3o de fontes de informa\u00e7\u00e3o e bases de dados que contribuam para a estimula\u00e7\u00e3o de solu\u00e7\u00f5es de Big Data e IA. Promo\u00e7\u00e3o de ac\u00e7\u00f5es futuras para melhorar a competitividade. [&hellip;]<\/p>\n","protected":false},"author":3,"featured_media":0,"parent":0,"menu_order":0,"comment_status":"closed","ping_status":"closed","template":"","meta":{"footnotes":""},"class_list":["post-3334","page","type-page","status-publish","hentry"],"_links":{"self":[{"href":"https:\/\/digitalcologistics.eu\/pt-pt\/wp-json\/wp\/v2\/pages\/3334","targetHints":{"allow":["GET"]}}],"collection":[{"href":"https:\/\/digitalcologistics.eu\/pt-pt\/wp-json\/wp\/v2\/pages"}],"about":[{"href":"https:\/\/digitalcologistics.eu\/pt-pt\/wp-json\/wp\/v2\/types\/page"}],"author":[{"embeddable":true,"href":"https:\/\/digitalcologistics.eu\/pt-pt\/wp-json\/wp\/v2\/users\/3"}],"replies":[{"embeddable":true,"href":"https:\/\/digitalcologistics.eu\/pt-pt\/wp-json\/wp\/v2\/comments?post=3334"}],"version-history":[{"count":0,"href":"https:\/\/digitalcologistics.eu\/pt-pt\/wp-json\/wp\/v2\/pages\/3334\/revisions"}],"wp:attachment":[{"href":"https:\/\/digitalcologistics.eu\/pt-pt\/wp-json\/wp\/v2\/media?parent=3334"}],"curies":[{"name":"wp","href":"https:\/\/api.w.org\/{rel}","templated":true}]}}