{"id":3395,"date":"2023-08-23T06:52:43","date_gmt":"2023-08-23T06:52:43","guid":{"rendered":"https:\/\/digitalcologistics.eu\/?page_id=3395"},"modified":"2024-02-19T13:06:17","modified_gmt":"2024-02-19T13:06:17","slug":"info-legal-y-politica-de-privacidad","status":"publish","type":"page","link":"https:\/\/digitalcologistics.eu\/pt-pt\/info-legal-y-politica-de-privacidad\/","title":{"rendered":"Informa\u00e7\u00f5es legais e pol\u00edtica de privacidade"},"content":{"rendered":"\t\t<div data-elementor-type=\"wp-page\" data-elementor-id=\"3395\" class=\"elementor elementor-3395 elementor-309\" data-elementor-settings=\"{&quot;ha_cmc_init_switcher&quot;:&quot;no&quot;}\" data-elementor-post-type=\"page\">\n\t\t\t\t\t\t<section class=\"ob-is-breaking-bad elementor-section elementor-top-section elementor-element elementor-element-1529324 elementor-section-full_width elementor-section-height-min-height elementor-section-items-stretch elementor-section-height-default\" data-id=\"1529324\" data-element_type=\"section\" data-e-type=\"section\" data-settings=\"{&quot;background_background&quot;:&quot;classic&quot;,&quot;_ob_bbad_use_it&quot;:&quot;yes&quot;,&quot;_ob_bbad_sssic_use&quot;:&quot;no&quot;}\">\n\t\t\t\t\t\t<div class=\"elementor-container elementor-column-gap-no\">\n\t\t\t\t\t<div class=\"elementor-column elementor-col-100 elementor-top-column elementor-element elementor-element-0469726\" data-id=\"0469726\" data-element_type=\"column\" data-e-type=\"column\" data-settings=\"{&quot;background_background&quot;:&quot;classic&quot;,&quot;_ob_bbad_is_stalker&quot;:&quot;no&quot;,&quot;_ob_column_hoveranimator&quot;:&quot;no&quot;}\">\n\t\t\t<div class=\"elementor-widget-wrap elementor-element-populated\">\n\t\t\t\t\t<div class=\"elementor-background-overlay\"><\/div>\n\t\t\t\t\t\t<section class=\"ob-is-breaking-bad ob-bb-inner elementor-section elementor-inner-section elementor-element elementor-element-7fcc14d elementor-section-boxed elementor-section-height-default elementor-section-height-default\" data-id=\"7fcc14d\" data-element_type=\"section\" data-e-type=\"section\" data-settings=\"{&quot;_ob_bbad_use_it&quot;:&quot;yes&quot;,&quot;_ob_bbad_sssic_use&quot;:&quot;no&quot;}\">\n\t\t\t\t\t\t<div class=\"elementor-container elementor-column-gap-no\">\n\t\t\t\t\t<div class=\"elementor-column elementor-col-100 elementor-inner-column elementor-element elementor-element-e47ab13\" data-id=\"e47ab13\" data-element_type=\"column\" data-e-type=\"column\" data-settings=\"{&quot;_ob_bbad_is_stalker&quot;:&quot;no&quot;,&quot;_ob_column_hoveranimator&quot;:&quot;no&quot;,&quot;_ob_column_has_pseudo&quot;:&quot;no&quot;}\">\n\t\t\t<div class=\"elementor-widget-wrap elementor-element-populated\">\n\t\t\t\t\t\t<div class=\"elementor-element elementor-element-9fcfc80 elementor-widget__width-auto elementor-invisible elementor-widget elementor-widget-heading\" data-id=\"9fcfc80\" data-element_type=\"widget\" data-e-type=\"widget\" data-settings=\"{&quot;_animation&quot;:&quot;fadeInUp&quot;,&quot;_ob_allow_hoveranimator&quot;:&quot;no&quot;}\" data-widget_type=\"heading.default\">\n\t\t\t\t<div class=\"elementor-widget-container\">\n\t\t\t\t\t<h2 class=\"elementor-heading-title elementor-size-default\">Aviso legal<\/h2>\t\t\t\t<\/div>\n\t\t\t\t<\/div>\n\t\t\t\t\t<\/div>\n\t\t<\/div>\n\t\t\t\t\t<\/div>\n\t\t<\/section>\n\t\t\t\t\t<\/div>\n\t\t<\/div>\n\t\t\t\t\t<\/div>\n\t\t<\/section>\n\t\t\t\t<section class=\"ob-is-breaking-bad elementor-section elementor-top-section elementor-element elementor-element-2eda6b67 elementor-section-boxed elementor-section-height-default elementor-section-height-default\" data-id=\"2eda6b67\" data-element_type=\"section\" data-e-type=\"section\" data-settings=\"{&quot;_ob_bbad_use_it&quot;:&quot;yes&quot;,&quot;_ob_bbad_sssic_use&quot;:&quot;no&quot;}\">\n\t\t\t\t\t\t<div class=\"elementor-container elementor-column-gap-default\">\n\t\t\t\t\t<div class=\"elementor-column elementor-col-100 elementor-top-column elementor-element elementor-element-750e9392\" data-id=\"750e9392\" data-element_type=\"column\" data-e-type=\"column\" data-settings=\"{&quot;_ob_bbad_is_stalker&quot;:&quot;no&quot;,&quot;_ob_column_hoveranimator&quot;:&quot;no&quot;,&quot;_ob_column_has_pseudo&quot;:&quot;no&quot;}\">\n\t\t\t<div class=\"elementor-widget-wrap elementor-element-populated\">\n\t\t\t\t\t\t<div class=\"elementor-element elementor-element-45651843 custom-text ob-has-background-overlay elementor-widget elementor-widget-text-editor\" data-id=\"45651843\" data-element_type=\"widget\" data-e-type=\"widget\" data-settings=\"{&quot;_ob_poopart_use&quot;:&quot;yes&quot;,&quot;_ob_allow_hoveranimator&quot;:&quot;no&quot;}\" data-widget_type=\"text-editor.default\">\n\t\t\t\t<div class=\"elementor-widget-container\">\n\t\t\t\t\t\t\t\t\t<h3>DADOS IDENTIFICATIVOS<\/h3><p>Em cumprimento do dever de informa\u00e7\u00e3o previsto no artigo 10 da Lei 34\/2002, de 11 de Julho, de Servi\u00e7os da Sociedade da Informa\u00e7\u00e3o e Com\u00e9rcio Electr\u00f3nico, os seguintes dados s\u00e3o reflectidos abaixo: o titular do dom\u00ednio \u00e9 a Confederaci\u00f3n Provincial de Empresarios de Pontevedra (adiante <strong>CEP<\/strong>), com sede social em Complejo administrativo de\u00a0<span style=\"font-weight: bolder;\">Avda. Garc\u00eda Barb\u00f3n, 104-1\u00baPlanta, 36201 Vigo (Pontevedra), Espa\u00f1a<\/span><strong>, com CIF\u00a0<\/strong><span style=\"font-weight: bolder;\">G36615219<\/span>.<\/p><h3>USU\u00c1RIOS<\/h3><p>O acesso e\/ou utiliza\u00e7\u00e3o deste portal do <strong>Projecto Digital CoLogistics<\/strong> atribui a condi\u00e7\u00e3o de USU\u00c1RIO, que aceita, a partir desse acesso e\/ou utiliza\u00e7\u00e3o, as Condi\u00e7\u00f5es Gerais de Utiliza\u00e7\u00e3o aqui reflectidas. As referidas Condi\u00e7\u00f5es ser\u00e3o aplic\u00e1veis independentemente das Condi\u00e7\u00f5es Gerais de Contrata\u00e7\u00e3o que, no seu caso, sejam de cumprimento obrigat\u00f3rio.<\/p><h3>USO DO PORTAL<\/h3><p><a href=\"https:\/\/www.digitalcologistics.eu\/\" target=\"_blank\" rel=\"noopener\"><strong>www.digitalcologistics.eu<\/strong><\/a> proporciona acesso a uma multiplicidade de informa\u00e7\u00f5es, servi\u00e7os, programas ou dados (doravante, &#8220;os conte\u00fados&#8221;) na Internet pertencentes ao <strong>Projecto Digital CoLogistics<\/strong> ou aos seus licenciadores aos quais o USU\u00c1RIO pode ter acesso. O USU\u00c1RIO assume a responsabilidade pelo uso do portal. Esta responsabilidade estende-se ao registo que possa ser necess\u00e1rio para aceder a determinados servi\u00e7os ou conte\u00fados.<\/p><p>No referido registro o USU\u00c1RIO ser\u00e1 respons\u00e1vel por fornecer informa\u00e7\u00f5es verdadeiras e legais. Como consequ\u00eancia deste registo, o USU\u00c1RIO poder\u00e1 receber uma senha pela qual ser\u00e1 respons\u00e1vel, comprometendo-se a fazer um uso diligente e confidencial da mesma. O USU\u00c1RIO compromete-se a fazer um uso adequado dos conte\u00fados e servi\u00e7os (como servi\u00e7os de chat, f\u00f3runs de discuss\u00e3o ou grupos de not\u00edcias) que a\u00a0<strong>CEP<\/strong>, o criador do site oferece atrav\u00e9s do seu portal e, a t\u00edtulo ilustrativo mas n\u00e3o limitativo, a n\u00e3o os utilizar para<\/p><ul><li><strong>(I)<\/strong> incorrer em actividades il\u00edcitas, ilegais ou contr\u00e1rias \u00e0 boa f\u00e9 e \u00e0 ordem p\u00fablica;<\/li><li><strong>(II)<\/strong> divulgar conte\u00fados ou propaganda de car\u00e1cter racista, xen\u00f3fobo, pornogr\u00e1fico-ilegal, em defesa do terrorismo ou contra os direitos humanos;<\/li><li><strong>(III)<\/strong> causar danos aos sistemas f\u00edsicos e l\u00f3gicos da CEP criador do site, seus fornecedores ou terceiros, introduzir ou difundir na rede v\u00edrus inform\u00e1ticos ou quaisquer outros sistemas f\u00edsicos ou l\u00f3gicos que possam causar os danos acima mencionados;<\/li><li><strong>(IV)<\/strong> tentar acessar e, se for o caso, utilizar as contas de e-mail de outros usu\u00e1rios e modificar ou manipular suas mensagens.<\/li><\/ul><p><span style=\"font-weight: bolder; color: var( --e-global-color-text ); font-family: var( --e-global-typography-text-font-family ), Sans-serif; font-size: 1rem;\">CEP<\/span>, o criador do site, reserva-se o direito de retirar todos aqueles coment\u00e1rios e contribui\u00e7\u00f5es que violem o respeito pela dignidade da pessoa, que sejam discriminat\u00f3rios, xen\u00f3fobos, racistas, pornogr\u00e1ficos, que ameacem a juventude ou as crian\u00e7as, a ordem p\u00fablica ou a seguran\u00e7a ou que, em sua opini\u00e3o, n\u00e3o sejam apropriados para publica\u00e7\u00e3o. Em qualquer caso, a\u00a0<span style=\"font-weight: bolder;\">CEP\u00a0<\/span>n\u00e3o ser\u00e1 respons\u00e1vel pelas opini\u00f5es expressas pelos usu\u00e1rios atrav\u00e9s de f\u00f3runs, chats ou outras ferramentas de participa\u00e7\u00e3o.<\/p><h3>CONFIDENCIALIDADE DOS DADOS<\/h3><p>Em cumprimento da legisla\u00e7\u00e3o vigente sobre protec\u00e7\u00e3o de dados, Regulamento (UE) 2016\/679 do Parlamento Europeu e do Conselho de 27 de Abril de 2016 (GDPR), Lei Org\u00e2nica de Protec\u00e7\u00e3o de Dados Pessoais (LOPDCP, 15\/99), Regulamento sobre o Desenvolvimento da LOPDCP (Decreto Real, 1720\/2007, de 21 de Dezembro), informamos sobre a Pol\u00edtica de Protec\u00e7\u00e3o de Dados Pessoais, no que diz respeito ao tratamento de dados pessoais, que se detalha a seguir.<\/p><p>Para os fins da presente Pol\u00edtica de Protec\u00e7\u00e3o de Dados, \u00e9 a pessoa respons\u00e1vel pelo tratamento dos dados pessoais:<\/p><p>Identidade:\u00a0<span style=\"font-weight: bolder;\">Confederaci\u00f3n Provincial de Empresarios de Pontevedra (CEP)<\/span><br \/>CIF\u00a0<span style=\"font-weight: bolder;\">G36615219<\/span>.<br \/>Endere\u00e7o:\u00a0<span style=\"font-weight: bold;\">Avda. Garc\u00eda Barb\u00f3n, 104-1\u00baPlanta, 36201 Vigo (Pontevedra), Espa\u00f1a<\/span><strong>.<\/strong><br \/>N\u00famero de telefone de contacto: <strong>(+34)\u00a0<\/strong><span style=\"font-weight: bolder;\">986 439 611<\/span><br \/>E-mail de contacto: <a href=\"mailto:info@digitalcologistics.eu\" target=\"_blank\" rel=\"noopener\"><strong>info@digitalcologistics.eu<\/strong><\/a><\/p><p>O propriet\u00e1rio do site compromete-se a tratar com total confidencialidade e a aplicar medidas de seguran\u00e7a f\u00edsicas, t\u00e9cnicas e organizacionais adequadas para a protec\u00e7\u00e3o dos seus dados pessoais.<\/p><p>Voc\u00ea garante e \u00e9 respons\u00e1vel, em qualquer caso, pela veracidade, exatid\u00e3o, validade e autenticidade dos dados pessoais fornecidos e se compromete a mant\u00ea-los devidamente atualizados.<\/p><p>Tratamos os dados pessoais fornecidos no formul\u00e1rio de contato para a gest\u00e3o de d\u00favidas e a\u00e7\u00f5es comunicativas relativas ao projeto. Em qualquer caso, os seus dados n\u00e3o ser\u00e3o transferidos para terceiros nem haver\u00e1 qualquer transfer\u00eancia internacional de dados pessoais.<\/p><p>Voc\u00ea tem o direito de acessar, retificar, cancelar e se opor ao uso de seus dados. Para isso, deve enviar uma carta indicando o seu desejo de exercer este direito para o endere\u00e7o abaixo ou por e-mail para <a href=\"mailto:info@digitalcologistics.eu\" target=\"_blank\" rel=\"noopener\"><strong>info@digitalcologistics.eu<\/strong><\/a> ou por correio para o seguinte endere\u00e7o: <strong>Complejo administrativo de San L\u00e1zaro, s\/n, 15703 Santiago de Compostela, A Coru\u00f1a, Espanha<\/strong>.<\/p><p>Os interessados podem obter informa\u00e7\u00f5es adicionais sobre os seus direitos no website da Ag\u00eancia Espanhola de Protec\u00e7\u00e3o de Dados: <strong><a href=\"http:\/\/www.agpd.es\/\" target=\"_blank\" rel=\"noopener\">www.agpd.es<\/a><\/strong><\/p><h3>PROPRIEDADE INTELECTUAL E INDUSTRIAL<\/h3><p>O <strong>Projecto Digital CoLogistics<\/strong> \u00e9 titular de todos os direitos de propriedade intelectual e industrial do seu site, bem como dos elementos nele contidos (a t\u00edtulo de ilustra\u00e7\u00e3o, imagens, som, \u00e1udio, v\u00eddeo, software ou textos; marcas ou log\u00f3tipos, combina\u00e7\u00f5es de cores, estrutura e design, selec\u00e7\u00e3o de materiais utilizados, programas inform\u00e1ticos necess\u00e1rios ao seu funcionamento, acesso e utiliza\u00e7\u00e3o, etc.), propriedade do projecto Digital CoLogistics ou dos seus licenciadores ou parceiros benefici\u00e1rios.<\/p><p>Em virtude do disposto nos artigos 8 e 32.1, segundo par\u00e1grafo, da Lei de Propriedade Intelectual, \u00e9 expressamente proibida a reprodu\u00e7\u00e3o, distribui\u00e7\u00e3o e comunica\u00e7\u00e3o p\u00fablica, incluindo o m\u00e9todo de disponibiliza\u00e7\u00e3o, total ou parcial do conte\u00fado deste website, para fins comerciais, em qualquer suporte e por quaisquer meios t\u00e9cnicos, sem a autoriza\u00e7\u00e3o dos parceiros do projecto. O USU\u00c1RIO compromete-se a respeitar os direitos de Propriedade Intelectual e Industrial pertencentes ao <strong>Projeto Digital CoLogistics<\/strong>. Voc\u00ea pode visualizar os elementos do portal e at\u00e9 imprimi-los, copi\u00e1-los e armazen\u00e1-los no disco r\u00edgido do seu computador ou em qualquer outro suporte f\u00edsico, desde que seja \u00fanica e exclusivamente para seu uso pessoal e privado. O USU\u00c1RIO deve abster-se de apagar, alterar, eludir ou manipular qualquer dispositivo de protec\u00e7\u00e3o ou sistema de seguran\u00e7a que tenha sido instalado nas p\u00e1ginas da <strong>Digital CoLogistics<\/strong>.<\/p><h3>EXCLUS\u00c3O DE GARANTIAS E DE RESPONSABILIDADE<\/h3><p>A\u00a0<span style=\"font-weight: bolder;\">CEP\u00a0<\/span>n\u00e3o se responsabiliza, em caso algum, por danos de qualquer natureza que possam causar, a t\u00edtulo de exemplo: erros ou omiss\u00f5es nos conte\u00fados, falta de disponibilidade do portal ou transmiss\u00e3o de v\u00edrus ou programas maliciosos ou nocivos nos conte\u00fados, apesar de ter adoptado todas as medidas tecnol\u00f3gicas necess\u00e1rias para o evitar.<\/p><h3>MODIFICA\u00c7\u00d5ES<\/h3><p>A\u00a0<span style=\"font-weight: bolder;\">CEP\u00a0<\/span>reserva-se o direito de fazer quaisquer modifica\u00e7\u00f5es ao seu website que considere apropriadas sem aviso pr\u00e9vio, podendo alterar, apagar ou adicionar tanto o conte\u00fado e servi\u00e7os fornecidos atrav\u00e9s do website como a forma como s\u00e3o apresentados ou localizados.<\/p><h3>LINKS<\/h3><p>No caso de <a href=\"https:\/\/www.digitalcologistics.eu\/\" target=\"_blank\" rel=\"noopener\"><strong>www.digitalcologistics.eu<\/strong><\/a> conter links ou hiperlinks para outros sites da Internet, a\u00a0<span style=\"font-weight: bolder;\">CEP\u00a0<\/span>n\u00e3o exercer\u00e1 qualquer tipo de controle sobre tais sites e conte\u00fados. Em nenhum caso a\u00a0<span style=\"font-weight: bolder;\">CEP\u00a0<\/span>assumir\u00e1 qualquer responsabilidade pelo conte\u00fado de qualquer link pertencente a um site estrangeiro, nem garantir\u00e1 a disponibilidade t\u00e9cnica, qualidade, confiabilidade, exatid\u00e3o, abrang\u00eancia, veracidade, validade e constitucionalidade de qualquer material ou informa\u00e7\u00e3o contida em qualquer um destes hyperlinks ou outros sites da Internet. Da mesma forma, a inclus\u00e3o destes links externos n\u00e3o implicar\u00e1 qualquer tipo de associa\u00e7\u00e3o, fus\u00e3o ou participa\u00e7\u00e3o com as entidades ligadas.\u00a0<\/p><h3>DIREITO DE EXCLUS\u00c3O<\/h3><p>A\u00a0<span style=\"font-weight: bolder;\">CEP\u00a0<\/span>reserva-se o direito de negar ou retirar o acesso ao portal e\/ou aos servi\u00e7os oferecidos sem aviso pr\u00e9vio, a pedido pr\u00f3prio ou de terceiros, aos utilizadores que n\u00e3o cumpram as presentes Condi\u00e7\u00f5es Gerais de Utiliza\u00e7\u00e3o.<\/p><h3>INFORMA\u00c7\u00d5ES GERAIS<\/h3><p>A\u00a0<span style=\"font-weight: bolder;\">CEP\u00a0<\/span>perseguir\u00e1 a viola\u00e7\u00e3o destas condi\u00e7\u00f5es, bem como qualquer uso indevido do seu portal, exercendo todas as ac\u00e7\u00f5es civis e penais que lhe possam corresponder por lei.<\/p><h3>MODIFICA\u00c7\u00c3O DESTAS CONDI\u00c7\u00d5ES E DURA\u00c7\u00c3O<\/h3><p>A\u00a0<span style=\"font-weight: bolder;\">CEP\u00a0<\/span>pode a qualquer momento modificar as condi\u00e7\u00f5es aqui determinadas, sendo devidamente publicadas tal como aqui aparecem.<\/p><p>A validade destas condi\u00e7\u00f5es depender\u00e1 da sua exposi\u00e7\u00e3o e estar\u00e1 em vigor at\u00e9 que sejam devidamente publicadas, ou at\u00e9 que sejam alteradas por outros.<\/p><h3>LEGISLA\u00c7\u00c3O E JURISDI\u00c7\u00c3O APLIC\u00c1VEIS<\/h3><p>A rela\u00e7\u00e3o entre a\u00a0<span style=\"font-weight: bolder;\">CEP<\/span><strong>-Project Digital CoLogistics<\/strong> e o USU\u00c1RIO ser\u00e1 regida pela regulamenta\u00e7\u00e3o espanhola em vigor e qualquer lit\u00edgio ser\u00e1 submetido \u00e0s disposi\u00e7\u00f5es da lei, chegando ao Tribunal e aos Tribunais da legisla\u00e7\u00e3o espanhola, se necess\u00e1rio.<\/p>\t\t\t\t\t\t\t\t<\/div>\n\t\t\t\t<\/div>\n\t\t\t\t\t<\/div>\n\t\t<\/div>\n\t\t\t\t\t<\/div>\n\t\t<\/section>\n\t\t\t\t<\/div>\n\t\t","protected":false},"excerpt":{"rendered":"<p>Aviso legal DADOS IDENTIFICATIVOS Em cumprimento do dever de informa\u00e7\u00e3o previsto no artigo 10 da Lei 34\/2002, de 11 de Julho, de Servi\u00e7os da Sociedade da Informa\u00e7\u00e3o e Com\u00e9rcio Electr\u00f3nico, os seguintes dados s\u00e3o reflectidos abaixo: o titular do dom\u00ednio \u00e9 a Confederaci\u00f3n Provincial de Empresarios de Pontevedra (adiante CEP), com sede social em Complejo [&hellip;]<\/p>\n","protected":false},"author":3,"featured_media":0,"parent":0,"menu_order":0,"comment_status":"closed","ping_status":"closed","template":"","meta":{"footnotes":""},"class_list":["post-3395","page","type-page","status-publish","hentry"],"_links":{"self":[{"href":"https:\/\/digitalcologistics.eu\/pt-pt\/wp-json\/wp\/v2\/pages\/3395","targetHints":{"allow":["GET"]}}],"collection":[{"href":"https:\/\/digitalcologistics.eu\/pt-pt\/wp-json\/wp\/v2\/pages"}],"about":[{"href":"https:\/\/digitalcologistics.eu\/pt-pt\/wp-json\/wp\/v2\/types\/page"}],"author":[{"embeddable":true,"href":"https:\/\/digitalcologistics.eu\/pt-pt\/wp-json\/wp\/v2\/users\/3"}],"replies":[{"embeddable":true,"href":"https:\/\/digitalcologistics.eu\/pt-pt\/wp-json\/wp\/v2\/comments?post=3395"}],"version-history":[{"count":6,"href":"https:\/\/digitalcologistics.eu\/pt-pt\/wp-json\/wp\/v2\/pages\/3395\/revisions"}],"predecessor-version":[{"id":3525,"href":"https:\/\/digitalcologistics.eu\/pt-pt\/wp-json\/wp\/v2\/pages\/3395\/revisions\/3525"}],"wp:attachment":[{"href":"https:\/\/digitalcologistics.eu\/pt-pt\/wp-json\/wp\/v2\/media?parent=3395"}],"curies":[{"name":"wp","href":"https:\/\/api.w.org\/{rel}","templated":true}]}}