{"id":3402,"date":"2023-08-23T07:26:50","date_gmt":"2023-08-23T07:26:50","guid":{"rendered":"https:\/\/digitalcologistics.eu\/?page_id=3402"},"modified":"2023-12-12T09:51:22","modified_gmt":"2023-12-12T09:51:22","slug":"politica-de-cookies","status":"publish","type":"page","link":"https:\/\/digitalcologistics.eu\/pt-pt\/politica-de-cookies\/","title":{"rendered":"Pol\u00edtica de cookies"},"content":{"rendered":"\t\t<div data-elementor-type=\"wp-page\" data-elementor-id=\"3402\" class=\"elementor elementor-3402 elementor-310\" data-elementor-settings=\"{&quot;ha_cmc_init_switcher&quot;:&quot;no&quot;}\" data-elementor-post-type=\"page\">\n\t\t\t\t\t\t<section class=\"ob-is-breaking-bad elementor-section elementor-top-section elementor-element elementor-element-6bc27ea elementor-section-full_width elementor-section-height-min-height elementor-section-items-stretch elementor-section-height-default\" data-id=\"6bc27ea\" data-element_type=\"section\" data-e-type=\"section\" data-settings=\"{&quot;background_background&quot;:&quot;classic&quot;,&quot;_ob_bbad_use_it&quot;:&quot;yes&quot;,&quot;_ob_bbad_sssic_use&quot;:&quot;no&quot;}\">\n\t\t\t\t\t\t<div class=\"elementor-container elementor-column-gap-no\">\n\t\t\t\t\t<div class=\"elementor-column elementor-col-100 elementor-top-column elementor-element elementor-element-9c952d8\" data-id=\"9c952d8\" data-element_type=\"column\" data-e-type=\"column\" data-settings=\"{&quot;background_background&quot;:&quot;classic&quot;,&quot;_ob_bbad_is_stalker&quot;:&quot;no&quot;,&quot;_ob_column_hoveranimator&quot;:&quot;no&quot;}\">\n\t\t\t<div class=\"elementor-widget-wrap elementor-element-populated\">\n\t\t\t\t\t<div class=\"elementor-background-overlay\"><\/div>\n\t\t\t\t\t\t<section class=\"ob-is-breaking-bad ob-bb-inner elementor-section elementor-inner-section elementor-element elementor-element-c87ce47 elementor-section-boxed elementor-section-height-default elementor-section-height-default\" data-id=\"c87ce47\" data-element_type=\"section\" data-e-type=\"section\" data-settings=\"{&quot;_ob_bbad_use_it&quot;:&quot;yes&quot;,&quot;_ob_bbad_sssic_use&quot;:&quot;no&quot;}\">\n\t\t\t\t\t\t<div class=\"elementor-container elementor-column-gap-no\">\n\t\t\t\t\t<div class=\"elementor-column elementor-col-100 elementor-inner-column elementor-element elementor-element-99b9859\" data-id=\"99b9859\" data-element_type=\"column\" data-e-type=\"column\" data-settings=\"{&quot;_ob_bbad_is_stalker&quot;:&quot;no&quot;,&quot;_ob_column_hoveranimator&quot;:&quot;no&quot;,&quot;_ob_column_has_pseudo&quot;:&quot;no&quot;}\">\n\t\t\t<div class=\"elementor-widget-wrap elementor-element-populated\">\n\t\t\t\t\t\t<div class=\"elementor-element elementor-element-e3339b6 elementor-widget__width-auto elementor-invisible elementor-widget elementor-widget-heading\" data-id=\"e3339b6\" data-element_type=\"widget\" data-e-type=\"widget\" data-settings=\"{&quot;_animation&quot;:&quot;fadeInUp&quot;,&quot;_ob_allow_hoveranimator&quot;:&quot;no&quot;}\" data-widget_type=\"heading.default\">\n\t\t\t\t<div class=\"elementor-widget-container\">\n\t\t\t\t\t<h2 class=\"elementor-heading-title elementor-size-default\">Pol\u00edtica de cookies<\/h2>\t\t\t\t<\/div>\n\t\t\t\t<\/div>\n\t\t\t\t\t<\/div>\n\t\t<\/div>\n\t\t\t\t\t<\/div>\n\t\t<\/section>\n\t\t\t\t\t<\/div>\n\t\t<\/div>\n\t\t\t\t\t<\/div>\n\t\t<\/section>\n\t\t\t\t<section class=\"ob-is-breaking-bad elementor-section elementor-top-section elementor-element elementor-element-6538332 elementor-section-boxed elementor-section-height-default elementor-section-height-default\" data-id=\"6538332\" data-element_type=\"section\" data-e-type=\"section\" data-settings=\"{&quot;_ob_bbad_use_it&quot;:&quot;yes&quot;,&quot;_ob_bbad_sssic_use&quot;:&quot;no&quot;}\">\n\t\t\t\t\t\t<div class=\"elementor-container elementor-column-gap-default\">\n\t\t\t\t\t<div class=\"elementor-column elementor-col-100 elementor-top-column elementor-element elementor-element-1284935\" data-id=\"1284935\" data-element_type=\"column\" data-e-type=\"column\" data-settings=\"{&quot;_ob_bbad_is_stalker&quot;:&quot;no&quot;,&quot;_ob_column_hoveranimator&quot;:&quot;no&quot;,&quot;_ob_column_has_pseudo&quot;:&quot;no&quot;}\">\n\t\t\t<div class=\"elementor-widget-wrap elementor-element-populated\">\n\t\t\t\t\t\t<div class=\"elementor-element elementor-element-7f86781 custom-text ob-has-background-overlay elementor-widget elementor-widget-text-editor\" data-id=\"7f86781\" data-element_type=\"widget\" data-e-type=\"widget\" data-settings=\"{&quot;_ob_poopart_use&quot;:&quot;yes&quot;,&quot;_ob_allow_hoveranimator&quot;:&quot;no&quot;}\" data-widget_type=\"text-editor.default\">\n\t\t\t\t<div class=\"elementor-widget-container\">\n\t\t\t\t\t\t\t\t\t<p>O site Digital CoLogistics (doravante, o Site) utiliza Cookies. Os Cookies s\u00e3o arquivos enviados a um navegador por meio de um servidor web para registrar as atividades do Usu\u00e1rio em um site espec\u00edfico. A primeira finalidade dos Cookies \u00e9 facilitar ao usu\u00e1rio um acesso mais r\u00e1pido aos servi\u00e7os selecionados. Al\u00e9m disso, os Cookies personalizam os servi\u00e7os oferecidos pelo Site, facilitando e oferecendo a cada usu\u00e1rio informa\u00e7\u00f5es que s\u00e3o de seu interesse ou que podem ser de seu interesse, com base no uso que faz dos Servi\u00e7os.<\/p>\n\n<p>O Site utiliza Cookies para personalizar e facilitar ao m\u00e1ximo a navega\u00e7\u00e3o do usu\u00e1rio. Os Cookies s\u00e3o associados apenas a um usu\u00e1rio an\u00f4nimo e seu computador, n\u00e3o fornecendo refer\u00eancias que permitam deduzir dados pessoais do usu\u00e1rio. O usu\u00e1rio pode configurar seu navegador para notificar e recusar a instala\u00e7\u00e3o de Cookies enviados pelo Site, sem que isso prejudique a possibilidade do usu\u00e1rio de acessar o conte\u00fado do referido site. No entanto, observe que, em qualquer caso, a qualidade do funcionamento da p\u00e1gina Web pode diminuir.<\/p>\n\n<p>Os usu\u00e1rios registrados, que se registrarem ou que tiverem feito login, podem se beneficiar de servi\u00e7os mais personalizados e orientados ao seu perfil, gra\u00e7as \u00e0 combina\u00e7\u00e3o dos dados armazenados nos cookies com os dados pessoais usados no momento de seu registro. Esses usu\u00e1rios autorizam expressamente o uso dessas informa\u00e7\u00f5es para a finalidade indicada, sem preju\u00edzo de seu direito de recusar ou desativar o uso de cookies.<\/p>\n\n<p>Al\u00e9m disso, o Site poder\u00e1 ter conhecimento de todos os servi\u00e7os solicitados pelos usu\u00e1rios, para que possam fornecer ou oferecer informa\u00e7\u00f5es adequadas aos gostos e prefer\u00eancias de cada usu\u00e1rio.<\/p>\n\n&nbsp;\n<h3>1. Quais tipos de cookies existem?<\/h3>\nOs Cookies, quanto \u00e0 sua perman\u00eancia, podem ser divididos em:\n<ul>\n  <li><strong>Cookies de sess\u00e3o<\/strong>: Expiram quando o usu\u00e1rio fecha o navegador.<\/li>\n  <li><strong>Cookies persistentes<\/strong>: Expiram quando o objetivo para o qual servem \u00e9 cumprido (por exemplo, para manter o usu\u00e1rio identificado nos Servi\u00e7os) ou quando s\u00e3o exclu\u00eddos manualmente.<\/li>\n<\/ul>\nAl\u00e9m disso, de acordo com seu objetivo, os Cookies podem ser classificados da seguinte forma:\n<ul>\n  <li><strong>Cookies de desempenho<\/strong>: Este tipo de Cookie lembra suas prefer\u00eancias para as ferramentas nos servi\u00e7os, para que voc\u00ea n\u00e3o precise configurar o servi\u00e7o toda vez que o visitar. Como exemplo, esta tipologia inclui:\n    <ul>\n      <li>Configura\u00e7\u00f5es de volume de reprodutores de v\u00eddeo ou som.<\/li>\n      <li>Velocidades de transmiss\u00e3o de v\u00eddeo compat\u00edveis com seu navegador.<\/li>\n    <\/ul>\n  <\/li>\n<\/ul>\n<ul>\n  <li><strong>Cookies de geolocaliza\u00e7\u00e3o<\/strong>: Esses Cookies s\u00e3o usados para descobrir em qual pa\u00eds o usu\u00e1rio est\u00e1 quando solicita um servi\u00e7o. Este Cookie \u00e9 totalmente an\u00f4nimo e s\u00f3 \u00e9 usado para ajudar a orientar o conte\u00fado para a sua localiza\u00e7\u00e3o.<\/li>\n<\/ul>\n<ul>\n  <li><strong>Cookies de registro<\/strong>: Os Cookies de registro s\u00e3o gerados quando o usu\u00e1rio se registra ou inicia sess\u00e3o posteriormente, e s\u00e3o usados para identific\u00e1-lo nos servi\u00e7os com os seguintes objetivos:\n    <ul>\n      <li>Manter o usu\u00e1rio identificado, de modo que, se ele fechar um servi\u00e7o, o navegador ou o computador e em outro momento ou outro dia voltar a entrar nesse servi\u00e7o, ele permanecer\u00e1 identificado, facilitando assim sua navega\u00e7\u00e3o sem ter que se identificar novamente. Essa funcionalidade pode ser suprimida se o usu\u00e1rio pressionar a funcionalidade &#8220;sair&#8221;, de modo que esse Cookie seja exclu\u00eddo e na pr\u00f3xima vez que o usu\u00e1rio entrar no servi\u00e7o, precisar\u00e1 fazer login para ser identificado.<\/li>\n      <li>Verificar se o usu\u00e1rio est\u00e1 autorizado a acessar determinados servi\u00e7os, por exemplo, para participar de um concurso.<\/li>\n    <\/ul>\n  <\/li>\n<\/ul>\n<ul>\n  <li><strong>Cookies anal\u00edticos<\/strong>: Sempre que um usu\u00e1rio visita um servi\u00e7o, uma ferramenta de um provedor externo gera um Cookie anal\u00edtico no computador do usu\u00e1rio. Este Cookie, que \u00e9 gerado apenas na visita, ser\u00e1 usado em visitas subsequentes aos Servi\u00e7os do Site para identificar anonimamente o visitante. Os principais objetivos perseguidos s\u00e3o:\n    <ul>\n      <li>Permitir a identifica\u00e7\u00e3o an\u00f4nima dos usu\u00e1rios navegantes atrav\u00e9s do &#8220;Cookie&#8221; (identifica navegadores e dispositivos, n\u00e3o pessoas) e, portanto, a contagem aproximada do n\u00famero de visitantes e sua tend\u00eancia ao longo do tempo.<\/li>\n      <li>Identificar anonimamente os conte\u00fados mais visitados e, portanto, mais atrativos para os usu\u00e1rios.<\/li>\n      <li>Saber se o usu\u00e1rio que est\u00e1 acessando \u00e9 novo ou se est\u00e1 repetindo a visita.<\/li>\n      <li>Importante: A menos que o usu\u00e1rio decida se registrar em um servi\u00e7o do Site, o &#8220;Cookie&#8221; nunca ser\u00e1 associado a nenhum dado pessoal que possa identific\u00e1-lo. Esses Cookies ser\u00e3o usados apenas para fins estat\u00edsticos que ajudem na otimiza\u00e7\u00e3o da experi\u00eancia dos usu\u00e1rios no site.<\/li>\n    <\/ul>\n  <\/li>\n<\/ul>\n<ul>\n  <li><strong>Cookies de publicidade comportamental<\/strong>: Este tipo de Cookies permite ampliar as informa\u00e7\u00f5es dos an\u00fancios mostrados a cada usu\u00e1rio an\u00f4nimo nos Servi\u00e7os do Site. Entre outras coisas, s\u00e3o armazenadas a dura\u00e7\u00e3o ou frequ\u00eancia de visualiza\u00e7\u00e3o de posi\u00e7\u00f5es publicit\u00e1rias, a intera\u00e7\u00e3o com as mesmas ou os padr\u00f5es de navega\u00e7\u00e3o e\/ou compartilhamentos do usu\u00e1rio, j\u00e1 que ajudam a formar um perfil de interesse publicit\u00e1rio. Assim, permitem oferecer publicidade afim aos interesses do usu\u00e1rio.<\/li>\n<\/ul>\n<ul>\n  <li><strong>Cookies publicit\u00e1rios de terceiros<\/strong>: Al\u00e9m da publicidade gerenciada pelo Site em seus Servi\u00e7os, o Site oferece aos seus anunciantes a op\u00e7\u00e3o de servir an\u00fancios atrav\u00e9s de terceiros (&#8220;AdServers&#8221;). Dessa forma, esses terceiros podem armazenar Cookies enviados pelos Servi\u00e7os do Site dos navegadores dos Usu\u00e1rios, bem como acessar os dados armazenados neles.<\/li>\n<\/ul>\n\n&nbsp;\n<h3>2. Que cookies usamos?<\/h3>\nOs cookies que usamos em nosso site s\u00e3o:\n\n<strong>PR\u00d3PRIOS<\/strong>\n\nS\u00e3o aqueles que s\u00e3o enviados ao terminal do usu\u00e1rio a partir de um equipamento ou dom\u00ednio gerenciado pelo pr\u00f3prio editor e a partir do qual \u00e9 fornecido o servi\u00e7o solicitado pelo usu\u00e1rio.\n<ul>\n  <li>cc_cookie_accept: Determina se a Pol\u00edtica de Cookies foi aceita.<\/li>\n  <li>cc_cookie_decline: Determina se a Pol\u00edtica de Cookies foi recusada.<\/li>\n<\/ul>\n<strong>DE TERCEIROS<\/strong>\n\nS\u00e3o aqueles que s\u00e3o enviados ao terminal do usu\u00e1rio a partir de um equipamento ou dom\u00ednio que n\u00e3o \u00e9 gerenciado pelo editor, mas por outra entidade que processa os dados obtidos por meio dos cookies.\n<ul>\n  <li>Google Analytics: <a href=\"https:\/\/support.google.com\/analytics\/answer\/6004245?hl=es\" target=\"_blank\" rel=\"noopener\">https:\/\/support.google.com\/analytics\/answer\/6004245?hl=es<\/a><\/li>\n<\/ul>\n\n&nbsp;\n<h3>3. Como desabilitar os Cookies?<\/h3>\nNormalmente, \u00e9 poss\u00edvel parar de aceitar Cookies do navegador ou parar de aceitar Cookies de um Servi\u00e7o espec\u00edfico.\n\nTodos os navegadores modernos permitem alterar as configura\u00e7\u00f5es de Cookies. Essas configura\u00e7\u00f5es geralmente est\u00e3o nas op\u00e7\u00f5es ou prefer\u00eancias do menu do seu navegador. Al\u00e9m disso, voc\u00ea pode configurar seu navegador ou seu gerenciador de e-mail, bem como instalar complementos gratuitos para evitar o download de Web Bugs ao abrir um e-mail.\n\nO Site oferece orienta\u00e7\u00e3o ao Usu\u00e1rio sobre as etapas para acessar o menu de configura\u00e7\u00e3o de cookies e, se necess\u00e1rio, de navega\u00e7\u00e3o privada em cada um dos principais navegadores:\n<ul>\n  <li>Internet Explorer: Ferramentas &gt; Op\u00e7\u00f5es da Internet &gt; Privacidade &gt; Configura\u00e7\u00f5es.\nPara mais informa\u00e7\u00f5es, consulte o suporte da Microsoft ou a Ajuda do navegador.<\/li>\n  <li>Microsoft Edge: Configura\u00e7\u00e3o e mais &gt; Configura\u00e7\u00e3o &gt; Limpar dados de navega\u00e7\u00e3o.<\/li>\n  <li>Firefox: Ferramentas &gt; Op\u00e7\u00f5es &gt; Privacidade &gt; Hist\u00f3rico &gt; Configura\u00e7\u00e3o personalizada.<\/li>\n  <li>Chrome: Configura\u00e7\u00e3o &gt; Configura\u00e7\u00e3o avan\u00e7ada &gt; Privacidade e seguran\u00e7a &gt; Limpar dados de navega\u00e7\u00e3o.<\/li>\n  <li>Safari: Prefer\u00eancias &gt; Seguran\u00e7a\nPara mais informa\u00e7\u00f5es, consulte o suporte da Apple ou a Ajuda do navegador.<\/li>\n<\/ul>\n\n&nbsp;\n<h3>4. Podem ocorrer modifica\u00e7\u00f5es na Pol\u00edtica de Cookies?<\/h3>\nO Site pode modificar esta Pol\u00edtica de Cookies com base em exig\u00eancias legislativas, regulamentares, ou com o objetivo de adaptar essa pol\u00edtica \u00e0s instru\u00e7\u00f5es ditadas pela Ag\u00eancia Espanhola de Prote\u00e7\u00e3o de Dados; portanto, recomenda-se que os usu\u00e1rios a visitem periodicamente.\n\nQuando ocorrerem altera\u00e7\u00f5es significativas nesta Pol\u00edtica de Cookies, elas ser\u00e3o comunicadas aos usu\u00e1rios, seja por meio do site ou por e-mail aos usu\u00e1rios registrados.\n<\/p>\n\t\t\t\t\t\t\t\t<\/div>\n\t\t\t\t<\/div>\n\t\t\t\t<div class=\"elementor-element elementor-element-366856b ob-has-background-overlay elementor-widget elementor-widget-html\" data-id=\"366856b\" data-element_type=\"widget\" data-e-type=\"widget\" data-settings=\"{&quot;_ob_poopart_use&quot;:&quot;yes&quot;,&quot;_ob_allow_hoveranimator&quot;:&quot;no&quot;}\" data-widget_type=\"html.default\">\n\t\t\t\t<div class=\"elementor-widget-container\">\n\t\t\t\t\t<style>\n.custom-text {\n    \/*padding: 30px;*\/\n    \/*color: var(--e-global-color-primary );*\/\n    \/*background-color: var(--e-global-color-b28e45f );\n    border-style: solid;\n    border-width: 1px 1px 1px 1px;\n    border-color: #014D943B;\n    border-radius: 0px 0px 0px 0px;*\/\n}\n.custom-text a{\n    color: var( --e-global-color-primary );\n    font-weight: 600;\n}\n\/*\n.custom-text ol {\n      margin-bottom:20px;\n      font-weight:500;\n}\n.custom-text ol li {\n      color: var( --e-global-color-primary );\n}\n*\/\n.custom-text h3{\n  color: var( --e-global-color-text );\n  font-weight: 600!important;\n  color: var( --e-global-color-primary );\n  font-size: 20px;\n  line-height: 1.3em;\n  text-transform: uppercase;\n}\n.custom-text h3:not(:first-of-type) {\n  margin-top: 30px;\n}\n.custom-text ol,\n.custom-text ul {\n  display: block;\n  padding-top: 20px;\n  padding-bottom: 10px;\n  padding-right: 20px;\n  flex-direction: row;\n  align-items: center;\n  justify-content: start;\n  background: #F1F2F8;\n\/*background: linear-gradient(90deg, rgba(255,255,255,1) 0%, rgba(222,236,253,1) 100%);*\/\n  margin-top: 20px;\n  margin-bottom: 20px;\n}\n\n.custom-text ul ul{\n  margin-top: 0px;\n  padding-top: 0px;\n  margin-bottom: 0px;\n}\n.custom-text ol li::marker {\n    color: var( --e-global-color-secondary );\n}\n.custom-text ol li,\n.custom-text ul li {\n  font-size: 16px!important;\n  margin: 0;\n  list-style:none;\n  list-style-type: square;\n  padding: 0 .2em; \/* indentation + .5em *\/\n  line-height: 1.2em; \/* default list item's `line-height` *\/\n  margin-bottom: 1em;\n  position: relative;\n  \/*color: var( --e-global-color-primary );*\/\n}\n.custom-text ol li:before,\n.custom-text ul li:before {\n    content:\"\";\n    top:0;\n    left:-20px;\n    position: absolute;\n    display: flex;\n    height: 100%;\n    \/*border-left:3px solid var( --e-global-color-primary );*\/\n}\n\n<\/style>\t\t\t\t<\/div>\n\t\t\t\t<\/div>\n\t\t\t\t\t<\/div>\n\t\t<\/div>\n\t\t\t\t\t<\/div>\n\t\t<\/section>\n\t\t\t\t<\/div>\n\t\t","protected":false},"excerpt":{"rendered":"<p>Pol\u00edtica de cookies O site Digital CoLogistics (doravante, o Site) utiliza Cookies. Os Cookies s\u00e3o arquivos enviados a um navegador por meio de um servidor web para registrar as atividades do Usu\u00e1rio em um site espec\u00edfico. A primeira finalidade dos Cookies \u00e9 facilitar ao usu\u00e1rio um acesso mais r\u00e1pido aos servi\u00e7os selecionados. Al\u00e9m disso, os [&hellip;]<\/p>\n","protected":false},"author":3,"featured_media":0,"parent":0,"menu_order":0,"comment_status":"closed","ping_status":"closed","template":"","meta":{"footnotes":""},"class_list":["post-3402","page","type-page","status-publish","hentry"],"_links":{"self":[{"href":"https:\/\/digitalcologistics.eu\/pt-pt\/wp-json\/wp\/v2\/pages\/3402","targetHints":{"allow":["GET"]}}],"collection":[{"href":"https:\/\/digitalcologistics.eu\/pt-pt\/wp-json\/wp\/v2\/pages"}],"about":[{"href":"https:\/\/digitalcologistics.eu\/pt-pt\/wp-json\/wp\/v2\/types\/page"}],"author":[{"embeddable":true,"href":"https:\/\/digitalcologistics.eu\/pt-pt\/wp-json\/wp\/v2\/users\/3"}],"replies":[{"embeddable":true,"href":"https:\/\/digitalcologistics.eu\/pt-pt\/wp-json\/wp\/v2\/comments?post=3402"}],"version-history":[{"count":0,"href":"https:\/\/digitalcologistics.eu\/pt-pt\/wp-json\/wp\/v2\/pages\/3402\/revisions"}],"wp:attachment":[{"href":"https:\/\/digitalcologistics.eu\/pt-pt\/wp-json\/wp\/v2\/media?parent=3402"}],"curies":[{"name":"wp","href":"https:\/\/api.w.org\/{rel}","templated":true}]}}